{"id":185,"date":"2020-11-23T13:52:28","date_gmt":"2020-11-23T13:52:28","guid":{"rendered":"http:\/\/agroclim.ro\/?page_id=185"},"modified":"2022-07-24T20:50:43","modified_gmt":"2022-07-24T20:50:43","slug":"scientific-conferences","status":"publish","type":"page","link":"https:\/\/agroclim.ro\/index.php\/en\/scientific-conferences\/","title":{"rendered":"Scientific conferences"},"content":{"rendered":"\n<p><\/p>\n\n\n\n<p>Agro-climatological suitability conditions changes in Romania based on different databases. A historical approach. Csaba HORVATH, Adina-Eliza CROITORU, Bela KOBULNICZKY, Valentina STOIAN, Titus-Cristian MAN, Sorin Daniel V\u00c2TC\u0102, Dimitrie Cantemir Scietific Seminar, Alexandru Ioan Cuza University, Ia\u015fi, 3-5 September 2021.<\/p>\n\n\n\n<div class=\"wp-block-file\"><a id=\"wp-block-file--media-88455d70-2e67-4884-9ccd-80d09394a697\" href=\"https:\/\/agroclim.ro\/wp-content\/uploads\/2021\/12\/Horvath_et_all_2021_conf.pdf\">Horvath_et_all_2021_conf<\/a><a href=\"https:\/\/agroclim.ro\/wp-content\/uploads\/2021\/12\/Horvath_et_all_2021_conf.pdf\" class=\"wp-block-file__button\" download aria-describedby=\"wp-block-file--media-88455d70-2e67-4884-9ccd-80d09394a697\">Download<\/a><\/div>\n\n\n\n<p> <\/p>\n\n\n\n<p>Changes in temperature extremes in Romania (1961-2013). Adina-Eliza CROITORU, Andrej CEGLAR, Csaba HORVATH,&nbsp; Adrian TELCIAN, Bela KOBULNICZKI, IS-ENES3 Workshop, University of Belgrade, 27 September 2021. <\/p>\n\n\n\n<div class=\"wp-block-file\"><a id=\"wp-block-file--media-283ddc5a-da82-4099-a5d2-47f020800c5c\" href=\"https:\/\/agroclim.ro\/wp-content\/uploads\/2021\/12\/Changes-in-temperature-extremes-in-Romania-1961-2013.pdf\">Changes-in-temperature-extremes-in-Romania-1961-2013<\/a><a href=\"https:\/\/agroclim.ro\/wp-content\/uploads\/2021\/12\/Changes-in-temperature-extremes-in-Romania-1961-2013.pdf\" class=\"wp-block-file__button\" download aria-describedby=\"wp-block-file--media-283ddc5a-da82-4099-a5d2-47f020800c5c\">Download<\/a><\/div>\n\n\n\n<p> <\/p>\n\n\n\n<p>Assessment of Maize Crop Climatic Conditions Requirements.&nbsp; Sorin V\u00e2tc\u0103, Adina Croitoru, Stoian Vlad, \u0218tefania G\u00e2dea, Stoian Valentina. The International Conference Air and Water \u2013 Components of the Environment, Babe\u015f-Bolyai University, Cluj-Napoca, 22 March 2021.<\/p>\n\n\n\n<div class=\"wp-block-file\"><a id=\"wp-block-file--media-7061cd31-d247-4115-9faa-8bdad410fbcf\" href=\"https:\/\/agroclim.ro\/wp-content\/uploads\/2021\/12\/Vatca_et_al_2021_conf.pdf\">Vatca_et_al_2021_conf<\/a><a href=\"https:\/\/agroclim.ro\/wp-content\/uploads\/2021\/12\/Vatca_et_al_2021_conf.pdf\" class=\"wp-block-file__button\" download aria-describedby=\"wp-block-file--media-7061cd31-d247-4115-9faa-8bdad410fbcf\">Download<\/a><\/div>\n\n\n\n<p> <\/p>\n\n\n\n<p>AGROCLIM \u2013 OPEN INNOVATION IN AGRICULTURE. Sorin POP, Sorin Daniel V\u00c2TC\u0102, Csaba HORVATH, Valentina Ancu\u021ba STOIAN, Adina CROITORU, 20th International Conference \u201dLife Sciences for Sustainable Development\u201d University of Agricultural Sciences and Veterinary Medicine of Cluj-Napoca, 23rd \u2013 24th of September 2021.<\/p>\n\n\n\n<div class=\"wp-block-file\"><a id=\"wp-block-file--media-55d6a285-4132-481e-932f-ee17822657b6\" href=\"https:\/\/agroclim.ro\/wp-content\/uploads\/2021\/12\/Pop_et_al_2021_conf.pdf\">Pop_et_al_2021_conf<\/a><a href=\"https:\/\/agroclim.ro\/wp-content\/uploads\/2021\/12\/Pop_et_al_2021_conf.pdf\" class=\"wp-block-file__button\" download aria-describedby=\"wp-block-file--media-55d6a285-4132-481e-932f-ee17822657b6\">Download<\/a><\/div>\n\n\n\n<p><strong><em>Assessing Changes of Water Resource Indices over Romania.&nbsp;<\/em><\/strong>Csaba HORVATH, Blanka BARTOK, Adina-Eliza CROITORU. Air and Water &#8211; Components of the Environment International Conference, Babe\u015f-Bolyai University, Cluj-Napoca, 18 March 2022 <\/p>\n\n\n\n<div class=\"wp-block-file\"><a id=\"wp-block-file--media-a711fffb-fe8b-400a-b0f8-db228c01e026\" href=\"https:\/\/agroclim.ro\/wp-content\/uploads\/2022\/07\/Horvath_et_al_AWC2022.pdf\">Horvath_et_al_AWC2022<\/a><a href=\"https:\/\/agroclim.ro\/wp-content\/uploads\/2022\/07\/Horvath_et_al_AWC2022.pdf\" class=\"wp-block-file__button\" download aria-describedby=\"wp-block-file--media-a711fffb-fe8b-400a-b0f8-db228c01e026\">Download<\/a><\/div>\n\n\n\n<p><strong><em>Crops Diversity And Cropped Yield Evolution Under Climatic Conditions From Bra\u0219ov County<\/em><\/strong>. Sorin V\u00e2tc\u0103, Csaba Horvath, \u0218tefan Chircan, \u0218tefania G\u00e2dea, Anamaria V\u00e2tc\u0103, Valentina Stoian, Multidisciplinary Scientific Conference on Sustainable Development, USAMVB Timisoara, 26-27 May 2022 <\/p>\n\n\n\n<div class=\"wp-block-file\"><a id=\"wp-block-file--media-22a10423-7882-42b6-9c56-e669d300ae94\" href=\"https:\/\/agroclim.ro\/wp-content\/uploads\/2022\/07\/Vatca_et_al_2022_poster.pdf\">Vatca_et_al_2022_poster<\/a><a href=\"https:\/\/agroclim.ro\/wp-content\/uploads\/2022\/07\/Vatca_et_al_2022_poster.pdf\" class=\"wp-block-file__button\" download aria-describedby=\"wp-block-file--media-22a10423-7882-42b6-9c56-e669d300ae94\">Download<\/a><\/div>\n\n\n\n<p><strong><em>Agroclimatic and soil suitability areas for maize crop in Romania<\/em><\/strong>.&nbsp;&nbsp;Adina-Eliza Croitoru, Csaba Horvath, Bela Kobulniczky, Titus-Cristian Man, Valentina Stoian, Sorin Daniel Vatca, Sorin Telcian, Vlad Stoian. International Conference Present Environment and Sustainable Development, Al. I. Cuza University, Ia\u015fi, 3-4 June 2022 <\/p>\n\n\n\n<div class=\"wp-block-file\"><a id=\"wp-block-file--media-ed2d9b11-2fb1-4eba-b578-4c4ce697c187\" href=\"https:\/\/agroclim.ro\/wp-content\/uploads\/2022\/07\/Croitoru_et_al_PESD_2022.pdf\">Croitoru_et_al_PESD_2022<\/a><a href=\"https:\/\/agroclim.ro\/wp-content\/uploads\/2022\/07\/Croitoru_et_al_PESD_2022.pdf\" class=\"wp-block-file__button\" download aria-describedby=\"wp-block-file--media-ed2d9b11-2fb1-4eba-b578-4c4ce697c187\">Download<\/a><\/div>\n\n\n\n<p><strong><em>Changes in temperature extremes related to agriculture and water resources based on&nbsp;gridded daily data in Romania<\/em><\/strong>. Csaba HORVATH, Adina-Eliza CROITORU,&nbsp;International Conference Present Environment and Sustainable Development, Al. I. Cuza University, Ia\u015fi, 3-4 June 2022&nbsp;<\/p>\n\n\n\n<div class=\"wp-block-file\"><a id=\"wp-block-file--media-d29b27de-dfca-424f-8d63-41fb7dc06f41\" href=\"https:\/\/agroclim.ro\/wp-content\/uploads\/2022\/07\/Horvath_et_Croitoru_PESD_2022.pdf\">Horvath_et_Croitoru_PESD_2022<\/a><a href=\"https:\/\/agroclim.ro\/wp-content\/uploads\/2022\/07\/Horvath_et_Croitoru_PESD_2022.pdf\" class=\"wp-block-file__button\" download aria-describedby=\"wp-block-file--media-d29b27de-dfca-424f-8d63-41fb7dc06f41\">Download<\/a><\/div>\n","protected":false},"excerpt":{"rendered":"<p>Agro-climatological suitability conditions changes in Romania based on different databases. A historical approach. Csaba HORVATH, Adina-Eliza CROITORU, Bela KOBULNICZKY, Valentina STOIAN, Titus-Cristian MAN, Sorin Daniel V\u00c2TC\u0102, Dimitrie Cantemir Scietific Seminar, Alexandru Ioan Cuza University, Ia\u015fi, 3-5 September 2021. Changes in temperature extremes in Romania (1961-2013). Adina-Eliza CROITORU, Andrej CEGLAR, Csaba&#8230;<\/p>\n<p> <a class=\"continue-reading-link\" href=\"https:\/\/agroclim.ro\/index.php\/en\/scientific-conferences\/\"><span>Continue reading<\/span><i class=\"crycon-right-dir\"><\/i><\/a> <\/p>\n","protected":false},"author":1,"featured_media":0,"parent":0,"menu_order":0,"comment_status":"closed","ping_status":"closed","template":"","meta":{"footnotes":""},"class_list":["post-185","page","type-page","status-publish","hentry"],"_links":{"self":[{"href":"https:\/\/agroclim.ro\/index.php\/wp-json\/wp\/v2\/pages\/185","targetHints":{"allow":["GET"]}}],"collection":[{"href":"https:\/\/agroclim.ro\/index.php\/wp-json\/wp\/v2\/pages"}],"about":[{"href":"https:\/\/agroclim.ro\/index.php\/wp-json\/wp\/v2\/types\/page"}],"author":[{"embeddable":true,"href":"https:\/\/agroclim.ro\/index.php\/wp-json\/wp\/v2\/users\/1"}],"replies":[{"embeddable":true,"href":"https:\/\/agroclim.ro\/index.php\/wp-json\/wp\/v2\/comments?post=185"}],"version-history":[{"count":7,"href":"https:\/\/agroclim.ro\/index.php\/wp-json\/wp\/v2\/pages\/185\/revisions"}],"predecessor-version":[{"id":583,"href":"https:\/\/agroclim.ro\/index.php\/wp-json\/wp\/v2\/pages\/185\/revisions\/583"}],"wp:attachment":[{"href":"https:\/\/agroclim.ro\/index.php\/wp-json\/wp\/v2\/media?parent=185"}],"curies":[{"name":"wp","href":"https:\/\/api.w.org\/{rel}","templated":true}]}}