{"id":187,"date":"2020-11-23T13:52:48","date_gmt":"2020-11-23T13:52:48","guid":{"rendered":"http:\/\/agroclim.ro\/?page_id=187"},"modified":"2022-07-24T20:50:19","modified_gmt":"2022-07-24T20:50:19","slug":"scientific-papers","status":"publish","type":"page","link":"https:\/\/agroclim.ro\/index.php\/en\/scientific-papers\/","title":{"rendered":"Scientific Papers"},"content":{"rendered":"\n<p><\/p>\n\n\n\n<p><strong><em>Regional Climate Models Validation for Agroclimatology in Romania<\/em><\/strong>.  Bartok, B., Telcian, A.-S., S\u0103c\u0103rea, C., Horvath, C., Croitoru, A.-E., Stoian, V.(2021)  Atmosphere, 12, 978. (<a href=\"https:\/\/www.mdpi.com\/2073-4433\/12\/8\/978\">https:\/\/ doi.org\/10.3390\/atmos12080978<\/a>)<\/p>\n\n\n\n<div class=\"wp-block-file\"><a id=\"wp-block-file--media-75b13095-b863-475d-9cc6-bd13ee02da68\" href=\"https:\/\/agroclim.ro\/wp-content\/uploads\/2021\/12\/Bartok_et_al_2021_art.pdf\">Bartok_et_al_2021_art<\/a><a href=\"https:\/\/agroclim.ro\/wp-content\/uploads\/2021\/12\/Bartok_et_al_2021_art.pdf\" class=\"wp-block-file__button\" download aria-describedby=\"wp-block-file--media-75b13095-b863-475d-9cc6-bd13ee02da68\">Download<\/a><\/div>\n\n\n\n<p><\/p>\n\n\n\n<p><strong><em>Agrometeorological Requirements of Maize Crop Ph<\/em><\/strong>enology for Sustainable Cropping\u2014A Historical Review for Romania.  V\u00e2tc\u0103, S.D., Stoian, V.A., Man, T.C., Horvath, C., Vidican, R., G\u00e2dea, S, V\u00e2tc\u0103, A., Rotaru, A., V\u00e2rban, R., Moldovan, C, Stoian V (2021)  Sustainability 2021, 13, 7719. (<a href=\"https:\/\/www.mdpi.com\/2071-1050\/13\/14\/7719\">https:\/\/www.mdpi.com\/2071-1050\/13\/14\/7719<\/a>)<\/p>\n\n\n\n<div class=\"wp-block-file\"><a id=\"wp-block-file--media-edcc13c1-9ecc-4695-941b-cd181db68406\" href=\"https:\/\/agroclim.ro\/wp-content\/uploads\/2021\/12\/Vatca_et_al_2021_art.pdf\">Vatca_et_al_2021_art<\/a><a href=\"https:\/\/agroclim.ro\/wp-content\/uploads\/2021\/12\/Vatca_et_al_2021_art.pdf\" class=\"wp-block-file__button\" download aria-describedby=\"wp-block-file--media-edcc13c1-9ecc-4695-941b-cd181db68406\">Download<\/a><\/div>\n","protected":false},"excerpt":{"rendered":"<p>Regional Climate Models Validation for Agroclimatology in Romania. Bartok, B., Telcian, A.-S., S\u0103c\u0103rea, C., Horvath, C., Croitoru, A.-E., Stoian, V.(2021) Atmosphere, 12, 978. (https:\/\/ doi.org\/10.3390\/atmos12080978) Agrometeorological Requirements of Maize Crop Phenology for Sustainable Cropping\u2014A Historical Review for Romania. V\u00e2tc\u0103, S.D., Stoian, V.A., Man, T.C., Horvath, C., Vidican, R., G\u00e2dea, S,&#8230;<\/p>\n<p> <a class=\"continue-reading-link\" href=\"https:\/\/agroclim.ro\/index.php\/en\/scientific-papers\/\"><span>Continue reading<\/span><i class=\"crycon-right-dir\"><\/i><\/a> <\/p>\n","protected":false},"author":1,"featured_media":0,"parent":0,"menu_order":0,"comment_status":"closed","ping_status":"closed","template":"","meta":{"footnotes":""},"class_list":["post-187","page","type-page","status-publish","hentry"],"_links":{"self":[{"href":"https:\/\/agroclim.ro\/index.php\/wp-json\/wp\/v2\/pages\/187","targetHints":{"allow":["GET"]}}],"collection":[{"href":"https:\/\/agroclim.ro\/index.php\/wp-json\/wp\/v2\/pages"}],"about":[{"href":"https:\/\/agroclim.ro\/index.php\/wp-json\/wp\/v2\/types\/page"}],"author":[{"embeddable":true,"href":"https:\/\/agroclim.ro\/index.php\/wp-json\/wp\/v2\/users\/1"}],"replies":[{"embeddable":true,"href":"https:\/\/agroclim.ro\/index.php\/wp-json\/wp\/v2\/comments?post=187"}],"version-history":[{"count":5,"href":"https:\/\/agroclim.ro\/index.php\/wp-json\/wp\/v2\/pages\/187\/revisions"}],"predecessor-version":[{"id":582,"href":"https:\/\/agroclim.ro\/index.php\/wp-json\/wp\/v2\/pages\/187\/revisions\/582"}],"wp:attachment":[{"href":"https:\/\/agroclim.ro\/index.php\/wp-json\/wp\/v2\/media?parent=187"}],"curies":[{"name":"wp","href":"https:\/\/api.w.org\/{rel}","templated":true}]}}