{"id":189,"date":"2020-11-23T14:00:53","date_gmt":"2020-11-23T14:00:53","guid":{"rendered":"http:\/\/agroclim.ro\/?page_id=189"},"modified":"2022-07-26T11:47:50","modified_gmt":"2022-07-26T11:47:50","slug":"workshop","status":"publish","type":"page","link":"https:\/\/agroclim.ro\/index.php\/en\/workshop\/","title":{"rendered":"Workshop"},"content":{"rendered":"\n<h2 class=\"wp-block-heading\">Climate Services for a Sustainable Agriculture<\/h2>\n\n\n\n<p>The workshop is organized under the framework of the research project <strong><em>Redefining agro-climatic suitability zones for maize and winter wheat crops towards a smart climate change-oriented agriculture in Romania (AGROCLIMRO)<\/em><\/strong> financed by the Executive Unit for the Financing of Higher Education, Research, Development and Innovation (UEFISCDI) in Romania.<\/p>\n\n\n\n<p>It is organized by the Babes-Bolyai University, Faculty of Geography, Research Centre for Sustainable Development in partnership with the University of Agriculture Sciences and Veterinary Medicine in Cluj-Napoca and the PannEx consortium network.<\/p>\n\n\n\n<p>It presents the main achievements of the project and aims to an important feed-back from the participants in terms of improving the capability of the platform developed. As the AGROCLIMRO project was developed under the framework of the PannEx Hydroclimate Network, the workshop is organized in cooperation with the PannEx Network and participants from the region are invited.<\/p>\n\n\n\n<h2 class=\"wp-block-heading\">Presentations<\/h2>\n\n\n\n<p>Adina-Eliza CROITORU: <strong><em>AGROCLIMRO project<\/em><\/strong>&nbsp;<\/p>\n\n\n\n<div class=\"wp-block-file\"><a id=\"wp-block-file--media-cb441f4f-9f4a-4bc8-88f1-2a0f24e28554\" href=\"https:\/\/agroclim.ro\/wp-content\/uploads\/2022\/07\/Croitoru_Adina_project_presentation.pdf\">Croitoru_Adina_project_presentation<\/a><a href=\"https:\/\/agroclim.ro\/wp-content\/uploads\/2022\/07\/Croitoru_Adina_project_presentation.pdf\" class=\"wp-block-file__button\" download aria-describedby=\"wp-block-file--media-cb441f4f-9f4a-4bc8-88f1-2a0f24e28554\">Download<\/a><\/div>\n\n\n\n<p>Sorin POP: <strong><em>Climate for service: crop suitability platform &#8211; novelty and challenges<\/em><\/strong>&nbsp;<\/p>\n\n\n\n<div class=\"wp-block-file\"><a id=\"wp-block-file--media-0b34546e-98b5-4b80-a61b-8567311a53b4\" href=\"https:\/\/agroclim.ro\/wp-content\/uploads\/2022\/07\/Pop_Sorin_AGROCLIMRO_platform.pdf\">Pop_Sorin_AGROCLIMRO_platform<\/a><a href=\"https:\/\/agroclim.ro\/wp-content\/uploads\/2022\/07\/Pop_Sorin_AGROCLIMRO_platform.pdf\" class=\"wp-block-file__button\" download aria-describedby=\"wp-block-file--media-0b34546e-98b5-4b80-a61b-8567311a53b4\">Download<\/a><\/div>\n\n\n\n<p>Sorin Daniel V\u00c2TC\u0102, Valentina Ancu\u021ba STOIAN, Adina CROITORU, Titus Cristian MAN, Csaba HORVATH, Roxana VIDICAN, Vlad STOIAN: <strong><em>Agrometeorological requirements of maize crop phenology for sustainable cropping\u2014a historical review for Romania<\/em><\/strong>\u00a0<\/p>\n\n\n\n<div class=\"wp-block-file\"><a id=\"wp-block-file--media-e219ed46-142f-4bce-b09d-b61e7cadeee2\" href=\"https:\/\/agroclim.ro\/wp-content\/uploads\/2022\/07\/Vatca_et_al_Agrometeorological-Requirements-of-Maize-Crop.pdf\">Vatca_et_al_Agrometeorological-Requirements-of-Maize-Crop<\/a><a href=\"https:\/\/agroclim.ro\/wp-content\/uploads\/2022\/07\/Vatca_et_al_Agrometeorological-Requirements-of-Maize-Crop.pdf\" class=\"wp-block-file__button\" download aria-describedby=\"wp-block-file--media-e219ed46-142f-4bce-b09d-b61e7cadeee2\">Download<\/a><\/div>\n\n\n\n<p>Titus-Cristian MAN, Valentina-Ancu\u0163a STOIAN: <strong><em>Soil map of Romania<\/em><\/strong><\/p>\n\n\n\n<div class=\"wp-block-file\"><a id=\"wp-block-file--media-9a050c1f-a4bc-4c64-b9e7-48e34c79385e\" href=\"https:\/\/agroclim.ro\/wp-content\/uploads\/2022\/07\/Man_Stoian_Soil-map-of-Romania.pdf\">Man_Stoian_Soil-map-of-Romania<\/a><a href=\"https:\/\/agroclim.ro\/wp-content\/uploads\/2022\/07\/Man_Stoian_Soil-map-of-Romania.pdf\" class=\"wp-block-file__button\" download aria-describedby=\"wp-block-file--media-9a050c1f-a4bc-4c64-b9e7-48e34c79385e\">Download<\/a><\/div>\n\n\n\n<p>Adina-Eliza CROITORU, Valentina STOIAN, Csaba HORVATH, Sorin Daniel V\u00c2TC\u0102, Bela KOBULNICZKY, Adrian TELCIAN, Vlad STOIAN, Titus-Cristian MAN: <strong><em>AGROCLIMRO suitability model<\/em><\/strong><\/p>\n\n\n\n<div class=\"wp-block-file\"><a id=\"wp-block-file--media-4b181cf5-9ac0-48db-98c4-c41a94f856f1\" href=\"https:\/\/agroclim.ro\/wp-content\/uploads\/2022\/07\/Croitoru_et_al_Suitatability-model.pdf\">Croitoru_et_al_Suitatability-model<\/a><a href=\"https:\/\/agroclim.ro\/wp-content\/uploads\/2022\/07\/Croitoru_et_al_Suitatability-model.pdf\" class=\"wp-block-file__button\" download aria-describedby=\"wp-block-file--media-4b181cf5-9ac0-48db-98c4-c41a94f856f1\">Download<\/a><\/div>\n\n\n\n<h1 class=\"wp-block-heading\">Language<\/h1>\n\n\n\n<p>The working language during the workshop will be English<\/p>\n\n\n\n<hr class=\"wp-block-separator\"\/>\n\n\n\n<h2 class=\"wp-block-heading\">Organizers<\/h2>\n\n\n\n<figure class=\"wp-block-table\"><table><tbody><tr><td><strong>Scientific Committee<\/strong><\/td><td>&nbsp;<strong>Local Organizing Committee<\/strong><\/td><\/tr><tr><td><em><strong>M\u00f3nika Lakatos<\/strong><\/em> \u2013 OMSZ, Hungary<br><strong><em>Danijel Jug<\/em><\/strong> \u2013 University of J.J.Strossmayer in Osijek, Croatia<br><strong><em>Branka Ivan\u010dan-Picek<\/em><\/strong> \u2013 DHMZ, Croatia<br><strong><em>Adina-Eliza Croitoru<\/em><\/strong> \u2013 Babes-Bolyai University, Romania<br><strong><em>Ivan G\u00fcttler<\/em><\/strong> \u2013 DHMZ, Croatia<br><strong><em>Vladimir Djurdjevic<\/em><\/strong> \u2013 University of Belgrade, Serbia<br><em><strong>Tam\u00e1s Weidinger<\/strong><\/em> \u2013 E\u00f6tv\u00f6s Lor\u00e1nd University at Budapest, Hungary<br><strong><em>Andrej Ceglar<\/em><\/strong><br><strong><em>Joan Cuxart<\/em><\/strong> \u2013 University of the Balearic Islands, Palma, Mallorca, Spain<br><strong><em>Csaba Horvath<\/em><\/strong> \u2013 Babes-Bolyai University, Romania<\/td><td><em>Adina-Eliza Croitoru<br>Csaba Horvath<br>Titus-Cristian Man<br>Sorin V\u00e2tc\u0103<br>Blanka Bartok<br>Valentina Stoian<br>Bela Kobulniczky<br>Cosmina Ursu<\/em><\/td><\/tr><\/tbody><\/table><\/figure>\n\n\n\n<h1 class=\"wp-block-heading\">Institutional partners<\/h1>\n\n\n\n<div class=\"wp-block-columns is-layout-flex wp-container-core-columns-is-layout-9d6595d7 wp-block-columns-is-layout-flex\">\n<div class=\"wp-block-column is-layout-flow wp-block-column-is-layout-flow\" style=\"flex-basis:66.67%\">\n<figure class=\"wp-block-image size-full\"><img decoding=\"async\" width=\"357\" height=\"136\" src=\"https:\/\/agroclim.ro\/wp-content\/uploads\/2022\/06\/ubb.png\" alt=\"\" class=\"wp-image-473\" srcset=\"https:\/\/agroclim.ro\/wp-content\/uploads\/2022\/06\/ubb.png 357w, https:\/\/agroclim.ro\/wp-content\/uploads\/2022\/06\/ubb-300x114.png 300w, https:\/\/agroclim.ro\/wp-content\/uploads\/2022\/06\/ubb-150x57.png 150w\" sizes=\"(max-width: 357px) 100vw, 357px\" \/><\/figure>\n<\/div>\n\n\n\n<div class=\"wp-block-column is-layout-flow wp-block-column-is-layout-flow\" style=\"flex-basis:33.33%\">\n<figure class=\"wp-block-image size-full\"><img decoding=\"async\" width=\"215\" height=\"215\" src=\"https:\/\/agroclim.ro\/wp-content\/uploads\/2022\/06\/un.png\" alt=\"\" class=\"wp-image-474\" srcset=\"https:\/\/agroclim.ro\/wp-content\/uploads\/2022\/06\/un.png 215w, https:\/\/agroclim.ro\/wp-content\/uploads\/2022\/06\/un-150x150.png 150w\" sizes=\"(max-width: 215px) 100vw, 215px\" \/><\/figure>\n<\/div>\n\n\n\n<div class=\"wp-block-column is-layout-flow wp-block-column-is-layout-flow\" style=\"flex-basis:33.33%\">\n<figure class=\"wp-block-image size-full\"><img fetchpriority=\"high\" decoding=\"async\" width=\"532\" height=\"207\" src=\"https:\/\/agroclim.ro\/wp-content\/uploads\/2022\/06\/rcsd.png\" alt=\"\" class=\"wp-image-475\" srcset=\"https:\/\/agroclim.ro\/wp-content\/uploads\/2022\/06\/rcsd.png 532w, https:\/\/agroclim.ro\/wp-content\/uploads\/2022\/06\/rcsd-300x117.png 300w, https:\/\/agroclim.ro\/wp-content\/uploads\/2022\/06\/rcsd-150x58.png 150w\" sizes=\"(max-width: 532px) 100vw, 532px\" \/><\/figure>\n<\/div>\n<\/div>\n\n\n\n<p>Babe\u015f-Bolyai University (BBU) is a World Class public institution of higher education whose mission is to promote and sustain within the local, regional, national and international community the development of specific components. It is one of the top Romanian education and research institutions. BBU considers high quality education, scientific research and supporting the socio-economic sector with science-based information and serviced as its main missions. The BBU strives to be a pole of sustainable growth, a center of knowledge and technological innovation. The Faculty of Geography is one of the most important pillars in terms of research of the BBU. Through the Research Centre for Sustainable Development, it supports sustainable development through integrated applied research, innovative and experimental education and through beneficial partnerships with a large variety of actors in the socio-economic environment. The centre explores the concepts of sustainable development, corporate social responsibility and enterprise (social) development and aims to provide support to individuals, communities, businesses and other organizations to create a more sustainable culture that encourages the evolution and large-scale adoption of economically competitive, good practices from an eco-oriented and social responsibility perspective. The Centre became one of the national leaders on climate research, and especially on climate changes and their impacts on different sectors.<\/p>\n\n\n\n<hr class=\"wp-block-separator\"\/>\n\n\n\n<div class=\"wp-block-media-text alignwide has-media-on-the-right is-stacked-on-mobile\" style=\"grid-template-columns:auto 17%\"><figure class=\"wp-block-media-text__media\"><img loading=\"lazy\" decoding=\"async\" width=\"481\" height=\"310\" src=\"https:\/\/agroclim.ro\/wp-content\/uploads\/2020\/11\/indeco-logo-1.png\" alt=\"\" class=\"wp-image-203 size-full\" srcset=\"https:\/\/agroclim.ro\/wp-content\/uploads\/2020\/11\/indeco-logo-1.png 481w, https:\/\/agroclim.ro\/wp-content\/uploads\/2020\/11\/indeco-logo-1-300x193.png 300w, https:\/\/agroclim.ro\/wp-content\/uploads\/2020\/11\/indeco-logo-1-150x97.png 150w\" sizes=\"(max-width: 481px) 100vw, 481px\" \/><\/figure><div class=\"wp-block-media-text__content\">\n<p><strong>Indeco Soft<\/strong> is a leading software development company in Romania, providing e-government solutions for over 1000 public institutions (cities, county councils, schools, universities and private businesses).&nbsp;<\/p>\n\n\n\n<p>Over 20 years of experience in the management of complex integrated business process management projects in government and private institutions is the guarantee of the added value, quality and performance growth that Indeco Soft products and services bring to managerial and operational activities.<\/p>\n\n\n\n<p>The digital transformation of the Romanian administration and companies is facilitated by the knowledge, creativity and experience of Indeco Soft specialists involved in Research-Development-Innovation projects arising from the specific needs of optimization, efficiency and legal compliance specific to economic, social, governance, mobility and quality. life in Romanian communities.<\/p>\n\n\n\n<p>The company\u2019s software solutions include software specifically designed for the public administration, in an integrated solution organized in 5 packages: <strong><em>Social Care Management and eHealth<\/em>,<\/strong> managing social care (social benefits, proceedings and workflows); <strong><em>Electronic Payment<\/em><\/strong> of local taxes, parking tickets and fines, utilities, donations; <strong><em>Citizen Interaction<\/em><\/strong> \u2013 Documents management, online petitioning, urban planning, online interaction and issue reporting; <strong><em>Agricultural Register<\/em> <\/strong>including land use; <strong><em>Financial Management &#8211; <\/em><\/strong>budgeting, HR management, accounting, bills, investment and acquisition management; <strong><em>Administrative Income \u2013 <\/em><\/strong>local taxation regimes, public leases, business authorizations, building permits, transport management.&nbsp; .<\/p>\n<\/div><\/div>\n\n\n\n<hr class=\"wp-block-separator\"\/>\n\n\n\n<div class=\"wp-block-media-text alignwide is-stacked-on-mobile is-vertically-aligned-center\" style=\"grid-template-columns:17% auto\"><figure class=\"wp-block-media-text__media\"><img loading=\"lazy\" decoding=\"async\" width=\"150\" height=\"152\" src=\"https:\/\/agroclim.ro\/wp-content\/uploads\/2020\/08\/usamv.png\" alt=\"\" class=\"wp-image-61 size-full\" srcset=\"https:\/\/agroclim.ro\/wp-content\/uploads\/2020\/08\/usamv.png 150w, https:\/\/agroclim.ro\/wp-content\/uploads\/2020\/08\/usamv-148x150.png 148w\" sizes=\"(max-width: 150px) 100vw, 150px\" \/><\/figure><div class=\"wp-block-media-text__content\">\n<p><a href=\"https:\/\/www.usamvcluj.ro\/\"><\/a>The University of Agricultural Sciences and Veterinary Medicine Cluj-Napoca is the successor of the prestigious Higher School of Agriculture of Cluj, founded 145 years ago, in October 1869, under the name of Institute of Agronomic Studies, Cluj-Manastur. In 1906, the Institute reached the Academy level, becoming the Academy of Agriculture of Cluj.<\/p>\n\n\n\n<p>The goal of the university is to promote the excellence in the field of education, research and innovation by primary academic initial and postgraduate instruction, by life long learning and integration within the universal value system according to the requirements of a knowledge based society. <\/p>\n<\/div><\/div>\n\n\n\n<hr class=\"wp-block-separator\"\/>\n\n\n\n<div class=\"wp-block-media-text alignwide has-media-on-the-right is-stacked-on-mobile\" style=\"grid-template-columns:auto 17%\"><figure class=\"wp-block-media-text__media\"><img loading=\"lazy\" decoding=\"async\" width=\"300\" height=\"223\" src=\"https:\/\/agroclim.ro\/wp-content\/uploads\/2022\/06\/pannex.png\" alt=\"\" class=\"wp-image-476 size-full\" srcset=\"https:\/\/agroclim.ro\/wp-content\/uploads\/2022\/06\/pannex.png 300w, https:\/\/agroclim.ro\/wp-content\/uploads\/2022\/06\/pannex-150x112.png 150w\" sizes=\"(max-width: 300px) 100vw, 300px\" \/><\/figure><div class=\"wp-block-media-text__content\">\n<p>PannEx (Pannonian Basin Experiment) is a Regional Hydroclimate Network of the Global Energy and Water Exchanges project (GEWEX) which aims to achieve a better understanding of the Earth system components and their interactions in the Pannonian Basin. The international efforts involve the international research community in an integrated approach towards identifying and increasing adaptation capacity in the face of climate change in the Pannonian Basin.<\/p>\n<\/div><\/div>\n\n\n\n<p><\/p>\n\n\n\n<h1 class=\"wp-block-heading\">When and where?<\/h1>\n\n\n\n<table>\n<tbody><tr>\n<td>\n<br><br><br>The workshop will be held between 20-21 May 2022 in Babe\u0219-Bolyai University, Faculty of Geography, Research Centre for Sustainable Development Cluj-Napoca, Romania.<br><br><br>\n<b>Location:<\/b> 5-7, Clinicilor Street, Faculty of Geography building (46\u00b045&#8217;52.2&#8243;N 23\u00b034&#8217;46.3&#8243;E).<br><br><br>\n<\/td>\n<td>\n<div class=\"mapouter\"><div class=\"gmap_canvas\"><iframe width=\"600\" height=\"500\" id=\"gmap_canvas\" src=\"https:\/\/maps.google.com\/maps?q=5-7,%20Clinicilor%20Street,%20Faculty%20of%20Geography%20building&amp;t=&amp;z=13&amp;ie=UTF8&amp;iwloc=&amp;output=embed\" frameborder=\"0\" scrolling=\"no\" marginheight=\"0\" marginwidth=\"0\"><\/iframe><a href=\"https:\/\/123movies-to.org\"><\/a><br><style>.mapouter{position:relative;text-align:right;height:500px;width:600px;}<\/style><a href=\"https:\/\/www.embedgooglemap.net\">insert google map into wordpress<\/a><style>.gmap_canvas {overflow:hidden;background:none!important;height:500px;width:600px;}<\/style><\/div><\/div>\n<\/td>\n<\/tr>\n<\/tbody><\/table>\n\n\n\n<div class=\"wp-block-buttons is-layout-flex wp-block-buttons-is-layout-flex\">\n<div class=\"wp-block-button aligncenter\"><a class=\"wp-block-button__link\" href=\"mailto:csaba.horvath@ubbcluj.ro\" rel=\"<a href=&quot;&quot;&gt;Horvath Csaba<\/a&gt;.\">For any inquieries, don&#8217;t hesitate to contact us!<\/a><\/div>\n<\/div>\n\n\n\n<h2 class=\"wp-block-heading\">How to get there?<\/h2>\n\n\n\n<p><a href=\"https:\/\/www.google.com\/maps\/dir\/Cluj+%E2%80%9EAvram+Iancu%E2%80%9D+International+Airport+(CLJ),+Strada+Traian+Vuia+149-151,+Cluj-Napoca+400397\/Faculty+of+Geography,+Str.+Clinicilor+5-7,+Cluj-Napoca+400006\/@46.7817988,23.5960877,13z\/am=t\/data=!4m14!4m13!1m5!1m1!1s0x47490b64f9a57925:0x248bd8241afed92e!2m2!1d23.688002!2d46.7824045!1m5!1m1!1s0x47490e8148aca9af:0xde67aaab3485354e!2m2!1d23.5795194!2d46.7644825!5i2?shorturl=1\">From Cluj Napoca \u201dAvram Iancu\u201d International Airport<\/a><\/p>\n\n\n\n<p><a href=\"https:\/\/goo.gl\/maps\/orHtvAzPfG4XrexRA\"><a href=\"https:\/\/goo.gl\/maps\/orHtvAzPfG4XrexRA\">From Cluj Napoca Railway Station<\/a><\/a><\/p>\n\n\n\n<hr class=\"wp-block-separator\"\/>\n\n\n\n<h2 class=\"wp-block-heading\">Meals<\/h2>\n\n\n\n<p>The coffee breaks, official dinner on June 20th and lunch on June 21<sup>st<\/sup> will be covered by the organizers.<\/p>\n\n\n\n<hr class=\"wp-block-separator\"\/>\n\n\n\n<h2 class=\"wp-block-heading\">Workshop program<\/h2>\n\n\n\n<div class=\"wp-block-file\"><a id=\"wp-block-file--media-e83b3057-dfcd-45d5-99d8-9d56cf90c77e\" href=\"https:\/\/agroclim.ro\/wp-content\/uploads\/2022\/06\/Workshop_Program_final.pdf\">Workshop Program<\/a><a href=\"https:\/\/agroclim.ro\/wp-content\/uploads\/2022\/06\/Workshop_Program_final.pdf\" class=\"wp-block-file__button\" download aria-describedby=\"wp-block-file--media-e83b3057-dfcd-45d5-99d8-9d56cf90c77e\">Download<\/a><\/div>\n","protected":false},"excerpt":{"rendered":"<p>Climate Services for a Sustainable Agriculture The workshop is organized under the framework of the research project Redefining agro-climatic suitability zones for maize and winter wheat crops towards a smart climate change-oriented agriculture in Romania (AGROCLIMRO) financed by the Executive Unit for the Financing of Higher Education, Research, Development and&#8230;<\/p>\n<p> <a class=\"continue-reading-link\" href=\"https:\/\/agroclim.ro\/index.php\/en\/workshop\/\"><span>Continue reading<\/span><i class=\"crycon-right-dir\"><\/i><\/a> <\/p>\n","protected":false},"author":1,"featured_media":0,"parent":0,"menu_order":0,"comment_status":"closed","ping_status":"closed","template":"","meta":{"footnotes":""},"class_list":["post-189","page","type-page","status-publish","hentry"],"_links":{"self":[{"href":"https:\/\/agroclim.ro\/index.php\/wp-json\/wp\/v2\/pages\/189","targetHints":{"allow":["GET"]}}],"collection":[{"href":"https:\/\/agroclim.ro\/index.php\/wp-json\/wp\/v2\/pages"}],"about":[{"href":"https:\/\/agroclim.ro\/index.php\/wp-json\/wp\/v2\/types\/page"}],"author":[{"embeddable":true,"href":"https:\/\/agroclim.ro\/index.php\/wp-json\/wp\/v2\/users\/1"}],"replies":[{"embeddable":true,"href":"https:\/\/agroclim.ro\/index.php\/wp-json\/wp\/v2\/comments?post=189"}],"version-history":[{"count":39,"href":"https:\/\/agroclim.ro\/index.php\/wp-json\/wp\/v2\/pages\/189\/revisions"}],"predecessor-version":[{"id":602,"href":"https:\/\/agroclim.ro\/index.php\/wp-json\/wp\/v2\/pages\/189\/revisions\/602"}],"wp:attachment":[{"href":"https:\/\/agroclim.ro\/index.php\/wp-json\/wp\/v2\/media?parent=189"}],"curies":[{"name":"wp","href":"https:\/\/api.w.org\/{rel}","templated":true}]}}