{"id":326,"date":"2021-12-02T08:25:35","date_gmt":"2021-12-02T08:25:35","guid":{"rendered":"https:\/\/agroclim.ro\/?page_id=326"},"modified":"2021-12-02T10:17:36","modified_gmt":"2021-12-02T10:17:36","slug":"echipa-de-proiect","status":"publish","type":"page","link":"https:\/\/agroclim.ro\/index.php\/echipa-de-proiect\/","title":{"rendered":"Echipa de proiect"},"content":{"rendered":"\n<p><strong>Echipa Universit\u0103\u021bii Babe\u0219 Boliay <\/strong><\/p>\n\n\n\n<ul class=\"wp-block-list\"><li><strong>Prof. univ. dr. Adina-Eliza CROITORU<\/strong>\u00a0\u2013 director de proiect \/ cercet\u0103tor \u0219tiin\u021bific senior (Agroclimatologie \u0219i Proces\u0103ri de Date)\u00a0;<\/li><li><strong>Conf. univ. dr.\u00a0Titus-Cristian MAN<\/strong>\u00a0\u2013 cercet\u0103tor \u0219tiin\u021bific senior, (GIS \u0219i Proces\u0103ri de Ddate);<\/li><li><strong>Conf. univ. dr. Christian S\u0102C\u0102REA<\/strong>\u00a0\u2013 cercet\u0103tor \u0219tiin\u021bific senior (Informatic\u0103 \u0219i Analiz\u0103 Statistic\u0103);<\/li><li><strong>Conf. univ. dr. Blanka Bartok<\/strong> \u2013 cercet\u0103tor \u0219tiin\u021bific senior (Climatologie \u0219i Analiz\u0103 Statistic\u0103);<\/li><li><strong>Sef lucr. dr. Csaba HORVATH<\/strong>\u00a0\u2013 cercet\u0103tor \u0219tiin\u021bific senior (GIS \u0219i Proces\u0103ri de Date)<\/li><li><strong>Doctorand Adrian TELCIAN<\/strong>\u00a0(Informatic\u0103 \u0219i Proces\u0103ri de Date)<\/li><li><strong>Doctorand Bela KOBULNICZKY<\/strong>\u00a0(Agroclimatologie \u0219i GIS)<\/li><\/ul>\n\n\n\n<p><strong>Echipa INDECO SOFT <\/strong><\/p>\n\n\n\n<ul class=\"wp-block-list\"><li><strong>Doctorand Sorin Pop<\/strong>\u00a0&#8211; responsabil pentru Partner 1 \/Managementul Cercet\u0103rii \u0219i dezvolt\u0103rii<\/li><li><strong>Norbert PETER<\/strong>\u00a0&#8211; cercet\u0103tor \u00een informatic\u0103 \u2013 dezvoltare sisteme integrate;<\/li><li><strong>Gabriela ILIESI<\/strong>\u00a0&#8211; cercet\u0103tor \u00een informatic\u0103 \u2013 dezvoltare solu\u021bii GIS.<\/li><\/ul>\n\n\n\n<p><strong>Echipa Universit\u0103\u021bii de \u0218tiin\u021be Agricole \u0219i Medicin\u0103 Veterinar\u0103 <\/strong><\/p>\n\n\n\n<ul class=\"wp-block-list\"><li><strong>Conf. univ. dr. Sorin Daniel V\u00c2TC\u0102<\/strong>\u00a0\u2013 responsabil pentru Partner 2, Cercet\u0103tor \u0219tiin\u021bific senior (Fenologia Plantelor \u0219i Agroclimatologie)<\/li><li><strong>Dr. Valentina Ancu\u021ba STOIAN\u00a0<\/strong>\u2013 cercet\u0103tor Postdoctoral \u2013 Fiziologia plantelor si pedologie.<\/li><\/ul>\n","protected":false},"excerpt":{"rendered":"<p>Echipa Universit\u0103\u021bii Babe\u0219 Boliay Prof. univ. dr. Adina-Eliza CROITORU\u00a0\u2013 director de proiect \/ cercet\u0103tor \u0219tiin\u021bific senior (Agroclimatologie \u0219i Proces\u0103ri de Date)\u00a0; Conf. univ. dr.\u00a0Titus-Cristian MAN\u00a0\u2013 cercet\u0103tor \u0219tiin\u021bific senior, (GIS \u0219i Proces\u0103ri de Ddate); Conf. univ. dr. Christian S\u0102C\u0102REA\u00a0\u2013 cercet\u0103tor \u0219tiin\u021bific senior (Informatic\u0103 \u0219i Analiz\u0103 Statistic\u0103); Conf. univ. dr. Blanka Bartok&#8230;<\/p>\n<p> <a class=\"continue-reading-link\" href=\"https:\/\/agroclim.ro\/index.php\/echipa-de-proiect\/\"><span>Continue reading<\/span><i class=\"crycon-right-dir\"><\/i><\/a> <\/p>\n","protected":false},"author":2,"featured_media":0,"parent":0,"menu_order":0,"comment_status":"closed","ping_status":"closed","template":"","meta":{"footnotes":""},"class_list":["post-326","page","type-page","status-publish","hentry"],"_links":{"self":[{"href":"https:\/\/agroclim.ro\/index.php\/wp-json\/wp\/v2\/pages\/326","targetHints":{"allow":["GET"]}}],"collection":[{"href":"https:\/\/agroclim.ro\/index.php\/wp-json\/wp\/v2\/pages"}],"about":[{"href":"https:\/\/agroclim.ro\/index.php\/wp-json\/wp\/v2\/types\/page"}],"author":[{"embeddable":true,"href":"https:\/\/agroclim.ro\/index.php\/wp-json\/wp\/v2\/users\/2"}],"replies":[{"embeddable":true,"href":"https:\/\/agroclim.ro\/index.php\/wp-json\/wp\/v2\/comments?post=326"}],"version-history":[{"count":4,"href":"https:\/\/agroclim.ro\/index.php\/wp-json\/wp\/v2\/pages\/326\/revisions"}],"predecessor-version":[{"id":410,"href":"https:\/\/agroclim.ro\/index.php\/wp-json\/wp\/v2\/pages\/326\/revisions\/410"}],"wp:attachment":[{"href":"https:\/\/agroclim.ro\/index.php\/wp-json\/wp\/v2\/media?parent=326"}],"curies":[{"name":"wp","href":"https:\/\/api.w.org\/{rel}","templated":true}]}}