{"id":336,"date":"2021-12-02T08:26:01","date_gmt":"2021-12-02T08:26:01","guid":{"rendered":"https:\/\/agroclim.ro\/?page_id=336"},"modified":"2022-07-24T20:49:12","modified_gmt":"2022-07-24T20:49:12","slug":"articole-stiintifice","status":"publish","type":"page","link":"https:\/\/agroclim.ro\/index.php\/articole-stiintifice\/","title":{"rendered":"Articole \u0219tiin\u021bifice"},"content":{"rendered":"\n<p><\/p>\n\n\n\n<p><strong><em>Regional Cl<\/em><\/strong><em><strong>imate Models Validation for Agroclimato<\/strong><\/em><strong><em>logy in Romania<\/em><\/strong>.  Bartok, B., Telcian, A.-S., S\u0103c\u0103rea, C., Horvath, C., Croitoru, A.-E., Stoian, V.(2021)  Atmosphere, 12, 978. (<a href=\"https:\/\/www.mdpi.com\/2073-4433\/12\/8\/978\">https:\/\/www.mdpi.com\/2073-4433\/12\/8\/978<\/a>)<\/p>\n\n\n\n<div class=\"wp-block-file\"><a id=\"wp-block-file--media-c37cdcce-cc49-40a8-90e5-6f7d68bbe109\" href=\"https:\/\/agroclim.ro\/wp-content\/uploads\/2021\/12\/Bartok_et_al_2021_art-1.pdf\">Bartok_et_al_2021_art-1<\/a><a href=\"https:\/\/agroclim.ro\/wp-content\/uploads\/2021\/12\/Bartok_et_al_2021_art-1.pdf\" class=\"wp-block-file__button\" download aria-describedby=\"wp-block-file--media-c37cdcce-cc49-40a8-90e5-6f7d68bbe109\">Download<\/a><\/div>\n\n\n\n<p><\/p>\n\n\n\n<p><strong><em>Agrometeorological Requirements of Maize Crop Phenology for Sustainable Cropping\u2014A Historical Review for Romania.  <\/em><\/strong>V\u00e2tc\u0103, S.D., Stoian, V.A., Man, T.C., Horvath, C., Vidican, R., G\u00e2dea, S, V\u00e2tc\u0103, A., Rotaru, A., V\u00e2rban, R., Moldovan, C, Stoian V (2021).  Sustainability 2021, 13, 7719. (<a href=\"https:\/\/www.mdpi.com\/2071-1050\/13\/14\/7719\">https:\/\/www.mdpi.com\/2071-1050\/13\/14\/7719<\/a>)<\/p>\n\n\n\n<div class=\"wp-block-file\"><a id=\"wp-block-file--media-40fe16a3-f47a-48b7-bd55-b16e87313aa3\" href=\"https:\/\/agroclim.ro\/wp-content\/uploads\/2021\/12\/Vatca_et_al_2021_art-1.pdf\">Vatca_et_al_2021_art-1<\/a><a href=\"https:\/\/agroclim.ro\/wp-content\/uploads\/2021\/12\/Vatca_et_al_2021_art-1.pdf\" class=\"wp-block-file__button\" download aria-describedby=\"wp-block-file--media-40fe16a3-f47a-48b7-bd55-b16e87313aa3\">Download<\/a><\/div>\n","protected":false},"excerpt":{"rendered":"<p>Regional Climate Models Validation for Agroclimatology in Romania. Bartok, B., Telcian, A.-S., S\u0103c\u0103rea, C., Horvath, C., Croitoru, A.-E., Stoian, V.(2021) Atmosphere, 12, 978. (https:\/\/www.mdpi.com\/2073-4433\/12\/8\/978) Agrometeorological Requirements of Maize Crop Phenology for Sustainable Cropping\u2014A Historical Review for Romania. V\u00e2tc\u0103, S.D., Stoian, V.A., Man, T.C., Horvath, C., Vidican, R., G\u00e2dea, S, V\u00e2tc\u0103,&#8230;<\/p>\n<p> <a class=\"continue-reading-link\" href=\"https:\/\/agroclim.ro\/index.php\/articole-stiintifice\/\"><span>Continue reading<\/span><i class=\"crycon-right-dir\"><\/i><\/a> <\/p>\n","protected":false},"author":1,"featured_media":0,"parent":0,"menu_order":0,"comment_status":"closed","ping_status":"closed","template":"","meta":{"footnotes":""},"class_list":["post-336","page","type-page","status-publish","hentry"],"_links":{"self":[{"href":"https:\/\/agroclim.ro\/index.php\/wp-json\/wp\/v2\/pages\/336","targetHints":{"allow":["GET"]}}],"collection":[{"href":"https:\/\/agroclim.ro\/index.php\/wp-json\/wp\/v2\/pages"}],"about":[{"href":"https:\/\/agroclim.ro\/index.php\/wp-json\/wp\/v2\/types\/page"}],"author":[{"embeddable":true,"href":"https:\/\/agroclim.ro\/index.php\/wp-json\/wp\/v2\/users\/1"}],"replies":[{"embeddable":true,"href":"https:\/\/agroclim.ro\/index.php\/wp-json\/wp\/v2\/comments?post=336"}],"version-history":[{"count":5,"href":"https:\/\/agroclim.ro\/index.php\/wp-json\/wp\/v2\/pages\/336\/revisions"}],"predecessor-version":[{"id":580,"href":"https:\/\/agroclim.ro\/index.php\/wp-json\/wp\/v2\/pages\/336\/revisions\/580"}],"wp:attachment":[{"href":"https:\/\/agroclim.ro\/index.php\/wp-json\/wp\/v2\/media?parent=336"}],"curies":[{"name":"wp","href":"https:\/\/api.w.org\/{rel}","templated":true}]}}