{"id":342,"date":"2021-12-02T09:10:49","date_gmt":"2021-12-02T09:10:49","guid":{"rendered":"https:\/\/agroclim.ro\/?page_id=342"},"modified":"2022-07-28T19:03:58","modified_gmt":"2022-07-28T19:03:58","slug":"favorabilitate","status":"publish","type":"page","link":"https:\/\/agroclim.ro\/index.php\/favorabilitate\/","title":{"rendered":"Favorabilitate"},"content":{"rendered":"\n\n\n\n<p>Platforma dezvoltat\u0103 va integra diferite seturi de date referitoare la condi\u021biile agroclimatologice \u0219i pedoclimatice, av\u00e2nd o rezolu\u021bie spa\u021bial-temporal\u0103 mare la momentul propunerii proiectului, care permite indentificarea diferitelor zone de favorabilitate pentru culturi de porumb \u0219i gr\u00e2u de toamn\u0103, precum \u0219i detectarea schimb\u0103rilor de-a lungul perioadei istorice \u0219i \u00een urm\u0103toarele trei decenii.  Datorit\u0103 complexit\u0103\u021bii echipei de cercetare (climatologi, exper\u021bi GIS, agricultori, programatori software) \u0219i a planului de munc\u0103 propus, consider\u0103m c\u0103 obiectivele acestui proiect pot s\u0103 fie atinse \u0219i rezultatele utilizate de c\u0103tre autorit\u0103\u021bile publice c\u00e2t \u0219i de diferite p\u0103r\u021bi interesate precum fermieri \u0219i v\u00e2nz\u0103tori de semin\u021be, cu scopul de a \u00eembun\u0103t\u0103\u021bii productivitatea.<\/p>\n\n\n\n<p>Referin\u021be:<\/p>\n\n\n\n<ul class=\"wp-block-list\"><li>Panagos P., Van Liedekerke M., jones A., Montanarella L.,\u201dEuropean Soil Data Center: Response to European policy support and public data requirements\u201d; (2012) Land Use Policy, 29 (2), pp. 329-338. doi:10.1016\/j.landusepol.2011.07.003;<\/li><li>European Soil Data Center (ESDAC), esdac.jrc.ec.europa.eu, European Comission, Joint Research Center;<\/li><li>\u201cData processed based on ROCADA gridded database ( Dumitrescu, A., Birsan M.V. (2015), ROCADA: a gridded daily climatic dataset over Romania (1961\u20132013) for nine meteorological variables. Nat Hazards, 78, 1045\u20131063.DOI 10.1007\/s11069-015-1757-z)\u201d<\/li><\/ul>\n\n\n\n<h2 class=\"wp-block-heading\">Detalii clase de favorabilitate \u0219i semnifica\u021bia indicatorilor<\/h2>\n\n\n\n<p>Porumb<\/p>\n\n\n\n<figure class=\"wp-block-table\"><table><tbody><tr><td><strong>Legenda<\/strong><\/td><td><strong>Cod<\/strong><\/td><td><strong>Explica\u021bie<\/strong><\/td><\/tr><tr><td>F1<\/td><td>F1 <\/td><td>Favorabilitate termica, pluviometrica si pedologica optima\/Optimal thermal, precipitation and soil conditions<\/td><\/tr><tr><td>F1_a<\/td><td>F1Cp1 <\/td><td>Favorabilitate termica si pedologica optima, cu necesar de apa\/irigatii moderat\/Optimal thermal and soil conditions, moderated irrigation needed<\/td><\/tr><tr><td>F1_b<\/td><td>F1Cp2 <\/td><td>Favorabilitate termica si pedologica optima, cu necesar mare de apa\/irigatii \/Optimal thermal and soil conditions, high irrigation needed<\/td><\/tr><tr><td>F1_c<\/td><td>F1Cs <\/td><td>Favorablitate termica si pluviometrica optima, cu necesar de ameliorare a solului\/Optimal thermal and precipitation conditions, soil improvement needed<\/td><\/tr><tr><td>F1_d<\/td><td>F1Cp1Cs <\/td><td>Favorablitate termica optima, cu necesar moderat de irigatii si de ameliorare a solului\/Optimal thermal conditions, high irrigation and soil improvement needed\u00a0<\/td><\/tr><tr><td>F1_e<\/td><td>F1Cp2Cs <\/td><td>Favorablitate termica optima, cu necesat mare de irigatii si de ameliorare a solului\/Optimal thermal conditions, moderate irrigation and soil improvement needed\u00a0<\/td><\/tr><tr><td><\/td><td><\/td><td><\/td><\/tr><tr><td>F2_a<\/td><td>F2P+S+ <\/td><td>Favorabilitatea termica moderata, conditii optime de precipitatii si sol\/Moderate thermal conditions, optimal soil and precipitation conditions<\/td><\/tr><tr><td>F2_b<\/td><td>F2SP+ <\/td><td>Favorabilitatea termica moderata, cu necesar moderat de irigatii si conditii pedologice optime\/Moderate thermal conditions, moderate irrigation needed and optimal soil conditions<\/td><\/tr><tr><td>F2_c<\/td><td>F2CpS+ <\/td><td>Favorabilitatea termica moderata, cu necesar mare de irigatii si conditii pedologice optime\/Moderate thermal conditions, high irrigation needed and optimal soil conditions<\/td><\/tr><tr><td>F2_d<\/td><td>F2P+Cs <\/td><td>Favorabilitatea termica moderata, conditii optime de precipitatii, cu necesar de ameliorare a solului\/Moderate thermal conditions, optimal precipitation conditions and soil improvement needed<\/td><\/tr><tr><td><strong>F2<\/strong><\/td><td><strong>F2 <\/strong><\/td><td><strong>Favorabilitate termica, pluviometrica si pedologica moderata\/Moderate thermal, precipitation and soil conditions<\/strong><\/td><\/tr><tr><td>F2_e<\/td><td>F2CpCs <\/td><td>Favorabilitatea termica moderata, cu necesar mare de irigatii si de ameliorare a solului\/Moderate thermal conditions, high irrigation and soil improvement needed\u00a0<\/td><\/tr><tr><td><\/td><td><\/td><td><\/td><\/tr><tr><td>F3_a<\/td><td>F3P++S+ <\/td><td>Favorabilitate termica redusa, conditii optime de precipitatii si sol\/Low thermal conditions, optimal precipitation and soil conditions<\/td><\/tr><tr><td>F3_b<\/td><td>F3P+S+ <\/td><td>Favorabilitate termica redusa, cu necesar moderat de irigatii si conditii pedologice optime\/Low thermal conditions, moderate irrigation needed and optimal soil conditions<\/td><\/tr><tr><td>F3_c<\/td><td>F3CS+ <\/td><td>Favorabilitate termica redusa, cu necesar mare de irigatii si conditii pedologice optime\/Low thermal conditions, high irrigation needed and optimal soil conditions<\/td><\/tr><tr><td>F3_d<\/td><td>F3P++ <\/td><td>Favorablitate termica redusa, conditii optime de precipitatii si necesar de ameliorare a solului\/Low thermal conditions, optimal precipitation and soilimprovement needed<\/td><\/tr><tr><td>F3_e <\/td><td>F3P+ <\/td><td>Favorabilitate termica redusa, necesar moderat de precipitatii si de ameliorare a solului\/Low thermal conditions, moderate irrigation and soil improvement needed<\/td><\/tr><tr><td><strong>F3<\/strong><\/td><td><strong>F3<\/strong><\/td><td><strong>Favorabilitate termica, pluviometrica si pedologica slaba\/Low thermal conditions, high irrigation and soil improvement needed<\/strong><\/td><\/tr><tr><td><\/td><td> <\/td><td><\/td><\/tr><tr><td>FCr_a <\/td><td>FCrP++S+<\/td><td>Conditii termice critice (foarte cald), conditii optime de precipitatii si sol\/Critical thermal conditions (hot), optimal precipitation and soil conditions<\/td><\/tr><tr><td>FCr_b <\/td><td>FCrP+S+ <\/td><td>Conditii termice critice (foarte cald), cu necesar moderat de irigatii si conditii optime de sol\/Critical thermal conditions (hot), moderate irrigation needed and optimal soil conditions<\/td><\/tr><tr><td>FCr_c <\/td><td>FCrS+ <\/td><td>Conditii termice critice (foarte cald), cu necesar mare de irigatii si conditii optime de sol\/Critical thermal conditions (hot), high irrigation needed and optimal soil conditions<\/td><\/tr><tr><td>FCr_d<\/td><td>FcrP++ <\/td><td>Conditii termice critice (foarte cald), conditii optime de precipitatii si cu necesar de ameliorare a solului\/Critical thermal conditions (hot), optimal precipitation and soil improvement needed<\/td><\/tr><tr><td>FCr_e<\/td><td>FcrP+ <\/td><td>Conditii termice critice (foarte cald), cu necesar moderat de precipitatii si de ameliorare a solului\/Critical thermal conditions (hot), moderate irrigation and soil improvement needed<\/td><\/tr><tr><td><strong>FCr<\/strong><\/td><td><strong>FCr<\/strong><\/td><td><strong>Conditii termice critice (foarte cald), cu necesar mare de irigatii si de ameliorare a solului\/Critical thermal conditions (hot), high irrigation and soil improvement needed<\/strong><\/td><\/tr><tr><td><\/td><td><\/td><td><\/td><\/tr><\/tbody><\/table><\/figure>\n","protected":false},"excerpt":{"rendered":"<p>Platforma dezvoltat\u0103 va integra diferite seturi de date referitoare la condi\u021biile agroclimatologice \u0219i pedoclimatice, av\u00e2nd o rezolu\u021bie spa\u021bial-temporal\u0103 mare la momentul propunerii proiectului, care permite indentificarea diferitelor zone de favorabilitate pentru culturi de porumb \u0219i gr\u00e2u de toamn\u0103, precum \u0219i detectarea schimb\u0103rilor de-a lungul perioadei istorice \u0219i \u00een urm\u0103toarele trei&#8230;<\/p>\n<p> <a class=\"continue-reading-link\" href=\"https:\/\/agroclim.ro\/index.php\/favorabilitate\/\"><span>Continue reading<\/span><i class=\"crycon-right-dir\"><\/i><\/a> <\/p>\n","protected":false},"author":1,"featured_media":0,"parent":0,"menu_order":0,"comment_status":"closed","ping_status":"closed","template":"","meta":{"footnotes":""},"class_list":["post-342","page","type-page","status-publish","hentry"],"_links":{"self":[{"href":"https:\/\/agroclim.ro\/index.php\/wp-json\/wp\/v2\/pages\/342","targetHints":{"allow":["GET"]}}],"collection":[{"href":"https:\/\/agroclim.ro\/index.php\/wp-json\/wp\/v2\/pages"}],"about":[{"href":"https:\/\/agroclim.ro\/index.php\/wp-json\/wp\/v2\/types\/page"}],"author":[{"embeddable":true,"href":"https:\/\/agroclim.ro\/index.php\/wp-json\/wp\/v2\/users\/1"}],"replies":[{"embeddable":true,"href":"https:\/\/agroclim.ro\/index.php\/wp-json\/wp\/v2\/comments?post=342"}],"version-history":[{"count":4,"href":"https:\/\/agroclim.ro\/index.php\/wp-json\/wp\/v2\/pages\/342\/revisions"}],"predecessor-version":[{"id":624,"href":"https:\/\/agroclim.ro\/index.php\/wp-json\/wp\/v2\/pages\/342\/revisions\/624"}],"wp:attachment":[{"href":"https:\/\/agroclim.ro\/index.php\/wp-json\/wp\/v2\/media?parent=342"}],"curies":[{"name":"wp","href":"https:\/\/api.w.org\/{rel}","templated":true}]}}