{"id":364,"date":"2021-12-02T09:30:59","date_gmt":"2021-12-02T09:30:59","guid":{"rendered":"https:\/\/agroclim.ro\/?page_id=364"},"modified":"2022-06-08T08:07:57","modified_gmt":"2022-06-08T08:07:57","slug":"parteneri-si-echipa","status":"publish","type":"page","link":"https:\/\/agroclim.ro\/index.php\/parteneri-si-echipa\/","title":{"rendered":"Parteneri \u0219i Echipa"},"content":{"rendered":"\n<p><a href=\"https:\/\/www.ubbcluj.ro\/en\/\">Universitatea Babe\u0219 Bolyai <\/a><strong> (Lider de proiect)<\/strong><\/p>\n\n\n\n<div class=\"wp-block-image\"><figure class=\"alignleft\"><img decoding=\"async\" src=\"https:\/\/agroclim.ro\/wp-content\/uploads\/2020\/08\/ubb.png\" alt=\"\"\/><\/figure><\/div>\n\n\n\n<p>Universitatea Babe\u015f-Bolyai (UBB) este o institu\u0163ie public\u0103 de \u00eenv\u0103\u0163\u0103m\u00e2nt superior a c\u0103rei misiune este de a promova \u015fi sus\u0163ine \u00een cadrul comunit\u0103\u0163ii locale, regionale, na\u0163ionale \u015fi interna\u0163ionale dezvoltarea unor componente culturale specifice. Este una dintre institu\u021biile de \u00eenv\u0103\u021b\u0103m\u00e2nt \u0219i cercetare de top din Rom\u00e2nia, conform celor mai multe scheme de clasare na\u021bionale \u0219i interna\u021bionale. BBU consider\u0103 c\u0103 cercetarea \u0219tiin\u021bific\u0103 este una dintre principalele sale misiuni; pentru noi, \u00een cadrul BBU, precum \u0219i \u00een interac\u021biunile cu comunitatea na\u021bional\u0103 \u0219i interna\u021bional\u0103, cercetarea reprezint\u0103 principalul criteriu de evaluare a statutului academic. Cu tot ce face, Universitatea Babe\u0219-Bolyai se str\u0103duie\u0219te s\u0103 fie un model de diversitate, de experiment cultural, un pol de cre\u0219tere durabil\u0103, un centru de cunoa\u0219tere \u0219i inovare tehnologic\u0103.<\/p>\n\n\n\n<p>BBU ofer\u0103 \u0219i investe\u0219te constant \u00een echipamente \u0219i infrastructur\u0103 moderne. Tehnici avansate \u00een spectroscopie, microscopie, radia\u021bii, calcul, schimb\u0103ri climatice, \u0219tiin\u021ba materialelor, genetic\u0103, biologie molecular\u0103 \u0219i altele sunt, de asemenea, disponibile \u0219i conectate la partenerii de cercetare la unele dintre cele mai competitive institu\u021bii de cercetare din lume.(<a href=\"https:\/\/www.ubbcluj.ro\/en\/despre\/\">cite\u0219te mai mult<\/a>)<\/p>\n\n\n\n<p><strong><a href=\"https:\/\/indecosoft.ro\/site\/home\/\">Indeco Soft<\/a> (Partner 1)<\/strong><\/p>\n\n\n\n<div class=\"wp-block-image\"><figure class=\"alignleft\"><img fetchpriority=\"high\" decoding=\"async\" width=\"300\" height=\"193\" src=\"https:\/\/agroclim.ro\/wp-content\/uploads\/2020\/11\/indeco-logo-1-1-300x193.png\" alt=\"\" class=\"wp-image-204\" srcset=\"https:\/\/agroclim.ro\/wp-content\/uploads\/2020\/11\/indeco-logo-1-1-300x193.png 300w, https:\/\/agroclim.ro\/wp-content\/uploads\/2020\/11\/indeco-logo-1-1-150x97.png 150w, https:\/\/agroclim.ro\/wp-content\/uploads\/2020\/11\/indeco-logo-1-1.png 481w\" sizes=\"(max-width: 300px) 100vw, 300px\" \/><\/figure><\/div>\n\n\n\n<p>De peste 19 ani, Indeco Soft este o companie lider \u00een dezvoltare de software \u00een Rom\u00e2nia, oferind solu\u021bii de e-guvernare pentru peste 1000 de institu\u021bii publice (ora\u0219e, consilii jude\u021bene, \u0219coli, universit\u0103\u021bi \u0219i afaceri private).<\/p>\n\n\n\n<p>Solu\u021biile software ale companiei includ software conceput special pentru administra\u021bia public\u0103, \u00eentr-o solu\u021bie integrat\u0103 organizat\u0103 \u00een 5 pachete:\u00a0Social Care Management \u0219i eHealth,\u00a0gestionarea asisten\u021bei sociale (presta\u021bii sociale, proceduri \u0219i fluxuri de lucru); Plata electronic\u0103\u00a0a taxelor locale, a tichetelor de parcare \u0219i a amenzilor, utilit\u0103\u021bi, dona\u021bii; Interac\u021biunea cu cet\u0103\u021benii\u00a0\u2013 Gestionarea documentelor, peti\u021bii online, planificare urban\u0103, interac\u021biune online \u0219i raportare probleme; Registrul agricol\u00a0inclusiv utilizarea terenului; Management financiar &#8211;\u00a0bugetare, management HR, contabilitate, facturi, management de investi\u021bii \u0219i achizi\u021bii; Venituri Administrative \u2013\u00a0regimuri fiscale locale, \u00eenchiriere publice, autoriza\u021bii de afaceri, autoriza\u021bii de construire, management transport. Calitatea serviciilor noastre este atestat\u0103 de numeroasele noastre re\u00eennoiri anuale de contracte, \u00een timp ce procesul de dezvoltare este gestionat \u00een conformitate cu standardele de calitate ISO 9001 \u0219i 27001. (<a href=\"https:\/\/indecosoft.ro\/site\/about-us-2\/\">cite\u0219te mai mult<\/a>)<\/p>\n\n\n\n<p><a href=\"https:\/\/www.usamvcluj.ro\/en\/\">Universitatea de \u0218tiin\u021be Agricole \u0219i Medicin\u0103 Veterinar\u0103<\/a><strong>(Partner 2)<\/strong><\/p>\n\n\n\n<div class=\"wp-block-image\"><figure class=\"alignleft\"><img decoding=\"async\" src=\"https:\/\/agroclim.ro\/wp-content\/uploads\/2020\/08\/usamv.png\" alt=\"\"\/><\/figure><\/div>\n\n\n\n<p>Universitatea de \u0218tiin\u021be Agricole \u0219i Medicin\u0103 Veterinar\u0103 Cluj-Napoca este succesorul prestigioasei \u0218coli Superioare de Agricultur\u0103 din Cluj, \u00eenfiin\u021bat\u0103 \u00een urm\u0103 cu 145 de ani, \u00een octombrie 1869, sub denumirea de Institutul de Studii Agronomice, Cluj-Manastur. \u00cen 1906, Institutul ajunge la nivelul Academiei, devenind Academia de Agricultur\u0103 din Cluj.<\/p>\n\n\n\n<p>Scopul universit\u0103\u021bii este de a promova excelen\u021ba \u00een domeniul educa\u021biei, cercet\u0103rii \u0219i inov\u0103rii prin instruire academic\u0103 primar\u0103 ini\u021bial\u0103 \u0219i postuniversitar\u0103, prin \u00eenv\u0103\u021barea pe tot parcursul vie\u021bii \u0219i integrarea \u00een sistemul de valori universal \u00een conformitate cu cerin\u021bele unei societ\u0103\u021bi bazate pe cunoa\u0219tere.(<a href=\"https:\/\/www.usamvcluj.ro\/en\/about-uasvm\/\">cite\u0219te mai mult<\/a>)<\/p>\n","protected":false},"excerpt":{"rendered":"<p>Universitatea Babe\u0219 Bolyai (Lider de proiect) Universitatea Babe\u015f-Bolyai (UBB) este o institu\u0163ie public\u0103 de \u00eenv\u0103\u0163\u0103m\u00e2nt superior a c\u0103rei misiune este de a promova \u015fi sus\u0163ine \u00een cadrul comunit\u0103\u0163ii locale, regionale, na\u0163ionale \u015fi interna\u0163ionale dezvoltarea unor componente culturale specifice. Este una dintre institu\u021biile de \u00eenv\u0103\u021b\u0103m\u00e2nt \u0219i cercetare de top din Rom\u00e2nia,&#8230;<\/p>\n<p> <a class=\"continue-reading-link\" href=\"https:\/\/agroclim.ro\/index.php\/parteneri-si-echipa\/\"><span>Continue reading<\/span><i class=\"crycon-right-dir\"><\/i><\/a> <\/p>\n","protected":false},"author":1,"featured_media":0,"parent":0,"menu_order":0,"comment_status":"closed","ping_status":"closed","template":"","meta":{"footnotes":""},"class_list":["post-364","page","type-page","status-publish","hentry"],"_links":{"self":[{"href":"https:\/\/agroclim.ro\/index.php\/wp-json\/wp\/v2\/pages\/364","targetHints":{"allow":["GET"]}}],"collection":[{"href":"https:\/\/agroclim.ro\/index.php\/wp-json\/wp\/v2\/pages"}],"about":[{"href":"https:\/\/agroclim.ro\/index.php\/wp-json\/wp\/v2\/types\/page"}],"author":[{"embeddable":true,"href":"https:\/\/agroclim.ro\/index.php\/wp-json\/wp\/v2\/users\/1"}],"replies":[{"embeddable":true,"href":"https:\/\/agroclim.ro\/index.php\/wp-json\/wp\/v2\/comments?post=364"}],"version-history":[{"count":4,"href":"https:\/\/agroclim.ro\/index.php\/wp-json\/wp\/v2\/pages\/364\/revisions"}],"predecessor-version":[{"id":462,"href":"https:\/\/agroclim.ro\/index.php\/wp-json\/wp\/v2\/pages\/364\/revisions\/462"}],"wp:attachment":[{"href":"https:\/\/agroclim.ro\/index.php\/wp-json\/wp\/v2\/media?parent=364"}],"curies":[{"name":"wp","href":"https:\/\/api.w.org\/{rel}","templated":true}]}}