{"id":436,"date":"2021-12-02T10:39:18","date_gmt":"2021-12-02T10:39:18","guid":{"rendered":"https:\/\/agroclim.ro\/?page_id=436"},"modified":"2021-12-02T12:39:06","modified_gmt":"2021-12-02T12:39:06","slug":"acasa","status":"publish","type":"page","link":"https:\/\/agroclim.ro\/","title":{"rendered":"Acas\u0103"},"content":{"rendered":"\t\t<div data-elementor-type=\"wp-page\" data-elementor-id=\"436\" class=\"elementor elementor-436\">\n\t\t\t\t\t\t<section class=\"elementor-section elementor-top-section elementor-element elementor-element-b7ffc98 elementor-section-full_width elementor-section-height-min-height elementor-section-content-middle elementor-section-stretched elementor-section-height-default elementor-section-items-middle\" data-id=\"b7ffc98\" data-element_type=\"section\" data-e-type=\"section\" data-settings=\"{&quot;stretch_section&quot;:&quot;section-stretched&quot;,&quot;background_background&quot;:&quot;classic&quot;}\">\n\t\t\t\t\t\t<div class=\"elementor-container elementor-column-gap-custom\">\n\t\t\t\t\t<div class=\"elementor-column elementor-col-100 elementor-top-column elementor-element elementor-element-7629960\" data-id=\"7629960\" data-element_type=\"column\" data-e-type=\"column\">\n\t\t\t<div class=\"elementor-widget-wrap elementor-element-populated\">\n\t\t\t\t\t\t<div class=\"elementor-element elementor-element-3deafbf animated-fast elementor-invisible elementor-widget elementor-widget-heading\" data-id=\"3deafbf\" data-element_type=\"widget\" data-e-type=\"widget\" data-settings=\"{&quot;_animation&quot;:&quot;fadeInUp&quot;}\" data-widget_type=\"heading.default\">\n\t\t\t\t<div class=\"elementor-widget-container\">\n\t\t\t\t\t<h2 class=\"elementor-heading-title elementor-size-xxl\">AGROCLIMRO<\/h2>\t\t\t\t<\/div>\n\t\t\t\t<\/div>\n\t\t\t\t<div class=\"elementor-element elementor-element-e7e4468 elementor-invisible elementor-widget elementor-widget-text-editor\" data-id=\"e7e4468\" data-element_type=\"widget\" data-e-type=\"widget\" data-settings=\"{&quot;_animation&quot;:&quot;fadeInDown&quot;}\" data-widget_type=\"text-editor.default\">\n\t\t\t\t<div class=\"elementor-widget-container\">\n\t\t\t\t\t\t\t\t\t<p><em><strong>Redefinirea zonelor de favorabilitate agro-climatic\u0103 pentru porumb \u0219i gr\u00e2ul de toamn\u0103 spre o agricultur\u0103 inteligent\u0103 adaptat\u0103 la schimb\u0103rile<\/strong><\/em><br \/><em><strong>climatice \u00een Rom\u00e2nia<\/strong><\/em><\/p>\t\t\t\t\t\t\t\t<\/div>\n\t\t\t\t<\/div>\n\t\t\t\t\t<\/div>\n\t\t<\/div>\n\t\t\t\t\t<\/div>\n\t\t<\/section>\n\t\t\t\t<section class=\"elementor-section elementor-top-section elementor-element elementor-element-90e09c9 elementor-section-stretched elementor-section-boxed elementor-section-height-default elementor-section-height-default\" data-id=\"90e09c9\" data-element_type=\"section\" data-e-type=\"section\" data-settings=\"{&quot;stretch_section&quot;:&quot;section-stretched&quot;,&quot;background_background&quot;:&quot;classic&quot;}\">\n\t\t\t\t\t\t<div class=\"elementor-container elementor-column-gap-default\">\n\t\t\t\t\t<div class=\"elementor-column elementor-col-100 elementor-top-column elementor-element elementor-element-3417268\" data-id=\"3417268\" data-element_type=\"column\" data-e-type=\"column\">\n\t\t\t<div class=\"elementor-widget-wrap elementor-element-populated\">\n\t\t\t\t\t\t<div class=\"elementor-element elementor-element-82d5b2f elementor-widget elementor-widget-text-editor\" data-id=\"82d5b2f\" data-element_type=\"widget\" data-e-type=\"widget\" data-widget_type=\"text-editor.default\">\n\t\t\t\t<div class=\"elementor-widget-container\">\n\t\t\t\t\t\t\t\t\t<span style=\"color: #555555; font-family: 'Source Sans Pro'; font-size: 22px; text-align: center; background-color: #f7f7f7;\">Proiectul este finantat de Unitatea Executiva pentru Finantarea in Invatamantul Superior a Cercetarii, Dezvoltarii si Inovarii <a href=\"https:\/\/uefiscdi.gov.ro\/\">(UEFISCDI)<\/a>.<\/span>\t\t\t\t\t\t\t\t<\/div>\n\t\t\t\t<\/div>\n\t\t\t\t\t<\/div>\n\t\t<\/div>\n\t\t\t\t\t<\/div>\n\t\t<\/section>\n\t\t\t\t<section class=\"elementor-section elementor-top-section elementor-element elementor-element-2e7260e elementor-section-boxed elementor-section-height-default elementor-section-height-default\" data-id=\"2e7260e\" data-element_type=\"section\" data-e-type=\"section\">\n\t\t\t\t\t\t<div class=\"elementor-container elementor-column-gap-default\">\n\t\t\t\t\t<div class=\"elementor-column elementor-col-100 elementor-top-column elementor-element elementor-element-8727056\" data-id=\"8727056\" data-element_type=\"column\" data-e-type=\"column\">\n\t\t\t<div class=\"elementor-widget-wrap elementor-element-populated\">\n\t\t\t\t\t\t<div class=\"elementor-element elementor-element-8ca7a04 elementor-widget elementor-widget-text-editor\" data-id=\"8ca7a04\" data-element_type=\"widget\" data-e-type=\"widget\" data-widget_type=\"text-editor.default\">\n\t\t\t\t<div class=\"elementor-widget-container\">\n\t\t\t\t\t\t\t\t\t<p><strong>Tipul proiectului:<\/strong>&nbsp;Proiecte experimental-demostrative (<a href=\"https:\/\/uefiscdi.gov.ro\/proiect-experimental-demonstrativ-ped\">PED<\/a>)<br>\n<strong>Codul proiectului:<\/strong>&nbsp;PN-III-P2-2.1-PED-2019-2310<br>\n<strong>Numarul contractului de finantare:<\/strong>&nbsp;292PED \u2044 2020<\/p><p>\n<strong>Buget:<\/strong>&nbsp;662,910 RON (596,245 RON din bugetul public si 66.665 RON cofinantare de la partenerul privat in proiect \u2013 INDECO SOFT).<br>\n<strong>Perioada de implementare:<\/strong>&nbsp;01.08.2020-29.07.2022 .<\/p>\t\t\t\t\t\t\t\t<\/div>\n\t\t\t\t<\/div>\n\t\t\t\t\t<\/div>\n\t\t<\/div>\n\t\t\t\t\t<\/div>\n\t\t<\/section>\n\t\t\t\t<\/div>\n\t\t","protected":false},"excerpt":{"rendered":"<p>AGROCLIMRO Redefinirea zonelor de favorabilitate agro-climatic\u0103 pentru porumb \u0219i gr\u00e2ul de toamn\u0103 spre o agricultur\u0103 inteligent\u0103 adaptat\u0103 la schimb\u0103rileclimatice \u00een Rom\u00e2nia Proiectul este finantat de Unitatea Executiva pentru Finantarea in Invatamantul Superior a Cercetarii, Dezvoltarii si Inovarii (UEFISCDI). Tipul proiectului:&nbsp;Proiecte experimental-demostrative (PED) Codul proiectului:&nbsp;PN-III-P2-2.1-PED-2019-2310 Numarul contractului de finantare:&nbsp;292PED \u2044 2020&#8230;<\/p>\n<p> <a class=\"continue-reading-link\" href=\"https:\/\/agroclim.ro\/\"><span>Continue reading<\/span><i class=\"crycon-right-dir\"><\/i><\/a> <\/p>\n","protected":false},"author":1,"featured_media":0,"parent":0,"menu_order":0,"comment_status":"closed","ping_status":"closed","template":"elementor_header_footer","meta":{"footnotes":""},"class_list":["post-436","page","type-page","status-publish","hentry"],"_links":{"self":[{"href":"https:\/\/agroclim.ro\/index.php\/wp-json\/wp\/v2\/pages\/436","targetHints":{"allow":["GET"]}}],"collection":[{"href":"https:\/\/agroclim.ro\/index.php\/wp-json\/wp\/v2\/pages"}],"about":[{"href":"https:\/\/agroclim.ro\/index.php\/wp-json\/wp\/v2\/types\/page"}],"author":[{"embeddable":true,"href":"https:\/\/agroclim.ro\/index.php\/wp-json\/wp\/v2\/users\/1"}],"replies":[{"embeddable":true,"href":"https:\/\/agroclim.ro\/index.php\/wp-json\/wp\/v2\/comments?post=436"}],"version-history":[{"count":8,"href":"https:\/\/agroclim.ro\/index.php\/wp-json\/wp\/v2\/pages\/436\/revisions"}],"predecessor-version":[{"id":629,"href":"https:\/\/agroclim.ro\/index.php\/wp-json\/wp\/v2\/pages\/436\/revisions\/629"}],"wp:attachment":[{"href":"https:\/\/agroclim.ro\/index.php\/wp-json\/wp\/v2\/media?parent=436"}],"curies":[{"name":"wp","href":"https:\/\/api.w.org\/{rel}","templated":true}]}}